{"id":7146,"date":"2022-12-06T14:16:54","date_gmt":"2022-12-06T13:16:54","guid":{"rendered":"https:\/\/cedrimartini.techkriti.net\/?post_type=product&#038;p=7146"},"modified":"2022-12-06T14:37:44","modified_gmt":"2022-12-06T13:37:44","slug":"reflex","status":"publish","type":"product","link":"https:\/\/cedrimartini.techkriti.net\/it\/prodotto\/reflex\/","title":{"rendered":"Reflex"},"content":{"rendered":"<div data-elementor-type=\"wp-post\" data-elementor-id=\"7146\" class=\"elementor elementor-7146\">\n\t\t\t\t\t\t\t\t\t<section class=\"elementor-section elementor-top-section elementor-element elementor-element-11b29c3e elementor-section-boxed elementor-section-height-default elementor-section-height-default\" data-id=\"11b29c3e\" data-element_type=\"section\">\n\t\t\t\t\t\t<div class=\"elementor-container elementor-column-gap-default\">\n\t\t\t\t\t<div class=\"elementor-column elementor-col-100 elementor-top-column elementor-element elementor-element-339529d4\" data-id=\"339529d4\" data-element_type=\"column\">\n\t\t\t<div class=\"elementor-widget-wrap elementor-element-populated\">\n\t\t\t\t\t\t\n\t\t<div class=\"elementor-element elementor-element-13379a90 elementor-widget elementor-widget-text-editor\" data-id=\"13379a90\" data-element_type=\"widget\" data-widget_type=\"text-editor.default\">\n\t\t\t\t<div class=\"elementor-widget-container\">\n\t\t\t<style>\/*! elementor - v3.9.2 - 21-12-2022 *\/\n.elementor-widget-text-editor.elementor-drop-cap-view-stacked .elementor-drop-cap{background-color:#818a91;color:#fff}.elementor-widget-text-editor.elementor-drop-cap-view-framed .elementor-drop-cap{color:#818a91;border:3px solid;background-color:transparent}.elementor-widget-text-editor:not(.elementor-drop-cap-view-default) .elementor-drop-cap{margin-top:8px}.elementor-widget-text-editor:not(.elementor-drop-cap-view-default) .elementor-drop-cap-letter{width:1em;height:1em}.elementor-widget-text-editor .elementor-drop-cap{float:left;text-align:center;line-height:1;font-size:50px}.elementor-widget-text-editor .elementor-drop-cap-letter{display:inline-block}<\/style>\t\t\t\t<p>Una rivisitazione contemporanea del verre \u00e9glomis\u00e9 che ora, grazie all'utilizzo di smalti trasparenti, pu\u00f2 essere sviluppato anche in superfici curve e complesse. Riflessi argento, oro e rame arricchiti da speciali decorazioni evocano gli effetti della tartaruga e dell'ambra oppure creano, attraverso l'incisione, temi astratti e figurativi ricchi di profondit\u00e0.<\/p>\t\t\t\t\t\t<\/div>\n\t\t\t\t<\/div>\n\t\t\t\t\t<\/div>\n\t\t<\/div>\n\t\t\t\t\t\t\t<\/div>\n\t\t<\/section>\n\t\t\t\t\t\t\t<\/div>","protected":false},"excerpt":{"rendered":"<p>Una rivisitazione contemporanea del verre \u00e9glomis\u00e9 che ora, grazie all'utilizzo di smalti trasparenti, pu\u00f2 essere sviluppato anche in superfici curve e complesse. Riflessi argento, oro e rame arricchiti da speciali decorazioni evocano gli effetti della tartaruga e dell'ambra oppure creano, attraverso l'incisione, temi astratti e figurativi ricchi di profondit\u00e0.<\/p>","protected":false},"featured_media":7164,"template":"","meta":{"inline_featured_image":false},"product_brand":[],"product_cat":[66],"product_tag":[],"class_list":{"0":"post-7146","1":"product","2":"type-product","3":"status-publish","4":"has-post-thumbnail","6":"product_cat-materials","8":"first","9":"instock","10":"shipping-taxable","11":"product-type-simple"},"yoast_head":"<!-- This site is optimized with the Yoast SEO plugin v27.2 - https:\/\/yoast.com\/product\/yoast-seo-wordpress\/ -->\n<title>Reflex - Cedrimartini<\/title>\n<meta name=\"robots\" content=\"index, follow, max-snippet:-1, max-image-preview:large, max-video-preview:-1\" \/>\n<link rel=\"canonical\" href=\"https:\/\/cedrimartini.techkriti.net\/it\/prodotto\/reflex\/\" \/>\n<meta property=\"og:locale\" content=\"it_IT\" \/>\n<meta property=\"og:type\" content=\"article\" \/>\n<meta property=\"og:title\" content=\"Reflex - Cedrimartini\" \/>\n<meta property=\"og:description\" content=\"A contemporary reinterpretation of the verre \u00e9glomis\u00e9 that now, thanks to the use of transparent glazes can also be developed in surfaces curved and complex. Silver, gold and copper reflections enriched with special decorations evoke the effects of turtle and amber or they create, through engraving, abstract and figurative themes rich in depth.\" \/>\n<meta property=\"og:url\" content=\"https:\/\/cedrimartini.techkriti.net\/it\/prodotto\/reflex\/\" \/>\n<meta property=\"og:site_name\" content=\"Cedrimartini\" \/>\n<meta property=\"article:modified_time\" content=\"2022-12-06T13:37:44+00:00\" \/>\n<meta property=\"og:image\" content=\"https:\/\/cedrimartini.techkriti.net\/wp-content\/uploads\/2022\/12\/Reflex_1.jpg\" \/>\n\t<meta property=\"og:image:width\" content=\"1575\" \/>\n\t<meta property=\"og:image:height\" content=\"1575\" \/>\n\t<meta property=\"og:image:type\" content=\"image\/jpeg\" \/>\n<meta name=\"twitter:card\" content=\"summary_large_image\" \/>\n<script type=\"application\/ld+json\" class=\"yoast-schema-graph\">{\"@context\":\"https:\/\/schema.org\",\"@graph\":[{\"@type\":\"WebPage\",\"@id\":\"https:\/\/cedrimartini.techkriti.net\/product\/reflex\/\",\"url\":\"https:\/\/cedrimartini.techkriti.net\/product\/reflex\/\",\"name\":\"Reflex - Cedrimartini\",\"isPartOf\":{\"@id\":\"https:\/\/cedrimartini.techkriti.net\/#website\"},\"primaryImageOfPage\":{\"@id\":\"https:\/\/cedrimartini.techkriti.net\/product\/reflex\/#primaryimage\"},\"image\":{\"@id\":\"https:\/\/cedrimartini.techkriti.net\/product\/reflex\/#primaryimage\"},\"thumbnailUrl\":\"https:\/\/cedrimartini.techkriti.net\/wp-content\/uploads\/2022\/12\/Reflex_1.jpg\",\"datePublished\":\"2022-12-06T13:16:54+00:00\",\"dateModified\":\"2022-12-06T13:37:44+00:00\",\"breadcrumb\":{\"@id\":\"https:\/\/cedrimartini.techkriti.net\/product\/reflex\/#breadcrumb\"},\"inLanguage\":\"it-IT\",\"potentialAction\":[{\"@type\":\"ReadAction\",\"target\":[\"https:\/\/cedrimartini.techkriti.net\/product\/reflex\/\"]}]},{\"@type\":\"ImageObject\",\"inLanguage\":\"it-IT\",\"@id\":\"https:\/\/cedrimartini.techkriti.net\/product\/reflex\/#primaryimage\",\"url\":\"https:\/\/cedrimartini.techkriti.net\/wp-content\/uploads\/2022\/12\/Reflex_1.jpg\",\"contentUrl\":\"https:\/\/cedrimartini.techkriti.net\/wp-content\/uploads\/2022\/12\/Reflex_1.jpg\",\"width\":1575,\"height\":1575},{\"@type\":\"BreadcrumbList\",\"@id\":\"https:\/\/cedrimartini.techkriti.net\/product\/reflex\/#breadcrumb\",\"itemListElement\":[{\"@type\":\"ListItem\",\"position\":1,\"name\":\"Home\",\"item\":\"https:\/\/cedrimartini.techkriti.net\/\"},{\"@type\":\"ListItem\",\"position\":2,\"name\":\"Shop\",\"item\":\"https:\/\/cedrimartini.techkriti.net\/it\/shop\/\"},{\"@type\":\"ListItem\",\"position\":3,\"name\":\"Reflex\"}]},{\"@type\":\"WebSite\",\"@id\":\"https:\/\/cedrimartini.techkriti.net\/#website\",\"url\":\"https:\/\/cedrimartini.techkriti.net\/\",\"name\":\"Cedrimartini\",\"description\":\"Design Factory\",\"publisher\":{\"@id\":\"https:\/\/cedrimartini.techkriti.net\/#organization\"},\"potentialAction\":[{\"@type\":\"SearchAction\",\"target\":{\"@type\":\"EntryPoint\",\"urlTemplate\":\"https:\/\/cedrimartini.techkriti.net\/?s={search_term_string}\"},\"query-input\":{\"@type\":\"PropertyValueSpecification\",\"valueRequired\":true,\"valueName\":\"search_term_string\"}}],\"inLanguage\":\"it-IT\"},{\"@type\":\"Organization\",\"@id\":\"https:\/\/cedrimartini.techkriti.net\/#organization\",\"name\":\"Cedrimartini\",\"url\":\"https:\/\/cedrimartini.techkriti.net\/\",\"logo\":{\"@type\":\"ImageObject\",\"inLanguage\":\"it-IT\",\"@id\":\"https:\/\/cedrimartini.techkriti.net\/#\/schema\/logo\/image\/\",\"url\":\"https:\/\/cedrimartini.techkriti.net\/wp-content\/uploads\/2022\/10\/logo_home_new.jpg\",\"contentUrl\":\"https:\/\/cedrimartini.techkriti.net\/wp-content\/uploads\/2022\/10\/logo_home_new.jpg\",\"width\":6000,\"height\":800,\"caption\":\"Cedrimartini\"},\"image\":{\"@id\":\"https:\/\/cedrimartini.techkriti.net\/#\/schema\/logo\/image\/\"}}]}<\/script>\n<!-- \/ Yoast SEO plugin. -->","yoast_head_json":{"title":"Reflex - Cedrimartini","robots":{"index":"index","follow":"follow","max-snippet":"max-snippet:-1","max-image-preview":"max-image-preview:large","max-video-preview":"max-video-preview:-1"},"canonical":"https:\/\/cedrimartini.techkriti.net\/it\/prodotto\/reflex\/","og_locale":"it_IT","og_type":"article","og_title":"Reflex - Cedrimartini","og_description":"A contemporary reinterpretation of the verre \u00e9glomis\u00e9 that now, thanks to the use of transparent glazes can also be developed in surfaces curved and complex. Silver, gold and copper reflections enriched with special decorations evoke the effects of turtle and amber or they create, through engraving, abstract and figurative themes rich in depth.","og_url":"https:\/\/cedrimartini.techkriti.net\/it\/prodotto\/reflex\/","og_site_name":"Cedrimartini","article_modified_time":"2022-12-06T13:37:44+00:00","og_image":[{"width":1575,"height":1575,"url":"https:\/\/cedrimartini.techkriti.net\/wp-content\/uploads\/2022\/12\/Reflex_1.jpg","type":"image\/jpeg"}],"twitter_card":"summary_large_image","schema":{"@context":"https:\/\/schema.org","@graph":[{"@type":"WebPage","@id":"https:\/\/cedrimartini.techkriti.net\/product\/reflex\/","url":"https:\/\/cedrimartini.techkriti.net\/product\/reflex\/","name":"Reflex - Cedrimartini","isPartOf":{"@id":"https:\/\/cedrimartini.techkriti.net\/#website"},"primaryImageOfPage":{"@id":"https:\/\/cedrimartini.techkriti.net\/product\/reflex\/#primaryimage"},"image":{"@id":"https:\/\/cedrimartini.techkriti.net\/product\/reflex\/#primaryimage"},"thumbnailUrl":"https:\/\/cedrimartini.techkriti.net\/wp-content\/uploads\/2022\/12\/Reflex_1.jpg","datePublished":"2022-12-06T13:16:54+00:00","dateModified":"2022-12-06T13:37:44+00:00","breadcrumb":{"@id":"https:\/\/cedrimartini.techkriti.net\/product\/reflex\/#breadcrumb"},"inLanguage":"it-IT","potentialAction":[{"@type":"ReadAction","target":["https:\/\/cedrimartini.techkriti.net\/product\/reflex\/"]}]},{"@type":"ImageObject","inLanguage":"it-IT","@id":"https:\/\/cedrimartini.techkriti.net\/product\/reflex\/#primaryimage","url":"https:\/\/cedrimartini.techkriti.net\/wp-content\/uploads\/2022\/12\/Reflex_1.jpg","contentUrl":"https:\/\/cedrimartini.techkriti.net\/wp-content\/uploads\/2022\/12\/Reflex_1.jpg","width":1575,"height":1575},{"@type":"BreadcrumbList","@id":"https:\/\/cedrimartini.techkriti.net\/product\/reflex\/#breadcrumb","itemListElement":[{"@type":"ListItem","position":1,"name":"Home","item":"https:\/\/cedrimartini.techkriti.net\/"},{"@type":"ListItem","position":2,"name":"Shop","item":"https:\/\/cedrimartini.techkriti.net\/it\/shop\/"},{"@type":"ListItem","position":3,"name":"Reflex"}]},{"@type":"WebSite","@id":"https:\/\/cedrimartini.techkriti.net\/#website","url":"https:\/\/cedrimartini.techkriti.net\/","name":"Cedrimartini","description":"Design Factory","publisher":{"@id":"https:\/\/cedrimartini.techkriti.net\/#organization"},"potentialAction":[{"@type":"SearchAction","target":{"@type":"EntryPoint","urlTemplate":"https:\/\/cedrimartini.techkriti.net\/?s={search_term_string}"},"query-input":{"@type":"PropertyValueSpecification","valueRequired":true,"valueName":"search_term_string"}}],"inLanguage":"it-IT"},{"@type":"Organization","@id":"https:\/\/cedrimartini.techkriti.net\/#organization","name":"Cedrimartini","url":"https:\/\/cedrimartini.techkriti.net\/","logo":{"@type":"ImageObject","inLanguage":"it-IT","@id":"https:\/\/cedrimartini.techkriti.net\/#\/schema\/logo\/image\/","url":"https:\/\/cedrimartini.techkriti.net\/wp-content\/uploads\/2022\/10\/logo_home_new.jpg","contentUrl":"https:\/\/cedrimartini.techkriti.net\/wp-content\/uploads\/2022\/10\/logo_home_new.jpg","width":6000,"height":800,"caption":"Cedrimartini"},"image":{"@id":"https:\/\/cedrimartini.techkriti.net\/#\/schema\/logo\/image\/"}}]}},"_links":{"self":[{"href":"https:\/\/cedrimartini.techkriti.net\/it\/wp-json\/wp\/v2\/product\/7146","targetHints":{"allow":["GET"]}}],"collection":[{"href":"https:\/\/cedrimartini.techkriti.net\/it\/wp-json\/wp\/v2\/product"}],"about":[{"href":"https:\/\/cedrimartini.techkriti.net\/it\/wp-json\/wp\/v2\/types\/product"}],"version-history":[{"count":3,"href":"https:\/\/cedrimartini.techkriti.net\/it\/wp-json\/wp\/v2\/product\/7146\/revisions"}],"predecessor-version":[{"id":7172,"href":"https:\/\/cedrimartini.techkriti.net\/it\/wp-json\/wp\/v2\/product\/7146\/revisions\/7172"}],"wp:featuredmedia":[{"embeddable":true,"href":"https:\/\/cedrimartini.techkriti.net\/it\/wp-json\/wp\/v2\/media\/7164"}],"wp:attachment":[{"href":"https:\/\/cedrimartini.techkriti.net\/it\/wp-json\/wp\/v2\/media?parent=7146"}],"wp:term":[{"taxonomy":"product_brand","embeddable":true,"href":"https:\/\/cedrimartini.techkriti.net\/it\/wp-json\/wp\/v2\/product_brand?post=7146"},{"taxonomy":"product_cat","embeddable":true,"href":"https:\/\/cedrimartini.techkriti.net\/it\/wp-json\/wp\/v2\/product_cat?post=7146"},{"taxonomy":"product_tag","embeddable":true,"href":"https:\/\/cedrimartini.techkriti.net\/it\/wp-json\/wp\/v2\/product_tag?post=7146"}],"curies":[{"name":"wp","href":"https:\/\/api.w.org\/{rel}","templated":true}]}}