{"id":6892,"date":"2022-11-15T17:36:12","date_gmt":"2022-11-15T16:36:12","guid":{"rendered":"https:\/\/dev.cedrimartini.it\/?post_type=product&#038;p=6892"},"modified":"2022-12-06T11:59:49","modified_gmt":"2022-12-06T10:59:49","slug":"hypermarble","status":"publish","type":"product","link":"https:\/\/cedrimartini.techkriti.net\/it\/prodotto\/hypermarble\/","title":{"rendered":"Hypermarble"},"content":{"rendered":"<div data-elementor-type=\"wp-post\" data-elementor-id=\"6892\" class=\"elementor elementor-6892\">\n\t\t\t\t\t\t\t\t\t<section class=\"elementor-section elementor-top-section elementor-element elementor-element-22ac0eae elementor-section-boxed elementor-section-height-default elementor-section-height-default\" data-id=\"22ac0eae\" data-element_type=\"section\">\n\t\t\t\t\t\t<div class=\"elementor-container elementor-column-gap-default\">\n\t\t\t\t\t<div class=\"elementor-column elementor-col-100 elementor-top-column elementor-element elementor-element-faf2e0c\" data-id=\"faf2e0c\" data-element_type=\"column\">\n\t\t\t<div class=\"elementor-widget-wrap elementor-element-populated\">\n\t\t\t\t\t\t\n\t\t<div class=\"elementor-element elementor-element-10003782 elementor-widget elementor-widget-text-editor\" data-id=\"10003782\" data-element_type=\"widget\" data-widget_type=\"text-editor.default\">\n\t\t\t\t<div class=\"elementor-widget-container\">\n\t\t\t<style>\/*! elementor - v3.9.2 - 21-12-2022 *\/\n.elementor-widget-text-editor.elementor-drop-cap-view-stacked .elementor-drop-cap{background-color:#818a91;color:#fff}.elementor-widget-text-editor.elementor-drop-cap-view-framed .elementor-drop-cap{color:#818a91;border:3px solid;background-color:transparent}.elementor-widget-text-editor:not(.elementor-drop-cap-view-default) .elementor-drop-cap{margin-top:8px}.elementor-widget-text-editor:not(.elementor-drop-cap-view-default) .elementor-drop-cap-letter{width:1em;height:1em}.elementor-widget-text-editor .elementor-drop-cap{float:left;text-align:center;line-height:1;font-size:50px}.elementor-widget-text-editor .elementor-drop-cap-letter{display:inline-block}<\/style>\t\t\t\t<p>Un materiale concepito per non privare la natura dei suoi tesori senza rinunciare alla bellezza delle sue pietre. Hypermarble ha infatti la loro profondit\u00e0 e ricchezza di toni con in pi\u00f9 la possibilit\u00e0 di ottenere colori e venature che la natura non offre insieme al completo controllo sul disegno della superficie permettendo cos\u00ec la creazione di multipli. Inoltre la possibilit\u00e0 di realizzare forme complesse internamente cave, anche di grandi dimensioni, permette di ottenere forme leggere facilmente movimentabili.<\/p><p>Disponibile anche in varie forme sulla collezione Modulo o in formati personalizzati anche modellati in forme tridimensionali monolitiche.<\/p><p><strong>Settori applicativi<\/strong>:<\/p><p>Pavimenti, rivestimenti, arredi, complementi<\/p><p><strong>Misure piastre (cm)<\/strong>:<\/p><p>60&#215;60 \/ 60&#215;120 \/ 120&#215;120 \/ 120&#215;240<\/p><p><strong>Colori:<\/strong> possono essere personalizzati su richiesta.<\/p>\t\t\t\t\t\t<\/div>\n\t\t\t\t<\/div>\n\t\t\t\t\t<\/div>\n\t\t<\/div>\n\t\t\t\t\t\t\t<\/div>\n\t\t<\/section>\n\t\t\t\t\t\t\t<\/div>","protected":false},"excerpt":{"rendered":"<p>A material designed not to deprive the nature of its treasures without renounce to the beauty of its stones. Hypermarble has infact their depth and richness of tones plus the possibility of obtaining colors and veins that nature does not offer together to the complete control on the design of the surface allowing so the [&hellip;]<\/p>","protected":false},"featured_media":6897,"template":"","meta":{"inline_featured_image":false},"product_brand":[],"product_cat":[66],"product_tag":[],"class_list":{"0":"post-6892","1":"product","2":"type-product","3":"status-publish","4":"has-post-thumbnail","6":"product_cat-materials","8":"first","9":"instock","10":"shipping-taxable","11":"product-type-simple"},"yoast_head":"<!-- This site is optimized with the Yoast SEO plugin v27.2 - https:\/\/yoast.com\/product\/yoast-seo-wordpress\/ -->\n<title>Hypermarble - Cedrimartini<\/title>\n<meta name=\"robots\" content=\"index, follow, max-snippet:-1, max-image-preview:large, max-video-preview:-1\" \/>\n<link rel=\"canonical\" href=\"https:\/\/cedrimartini.techkriti.net\/it\/prodotto\/hypermarble\/\" \/>\n<meta property=\"og:locale\" content=\"it_IT\" \/>\n<meta property=\"og:type\" content=\"article\" \/>\n<meta property=\"og:title\" content=\"Hypermarble - Cedrimartini\" \/>\n<meta property=\"og:description\" content=\"A material designed not to deprive the nature of its treasures without renounce to the beauty of its stones. Hypermarble has infact their depth and richness of tones plus the possibility of obtaining colors and veins that nature does not offer together to the complete control on the design of the surface allowing so the [&hellip;]\" \/>\n<meta property=\"og:url\" content=\"https:\/\/cedrimartini.techkriti.net\/it\/prodotto\/hypermarble\/\" \/>\n<meta property=\"og:site_name\" content=\"Cedrimartini\" \/>\n<meta property=\"article:modified_time\" content=\"2022-12-06T10:59:49+00:00\" \/>\n<meta property=\"og:image\" content=\"https:\/\/cedrimartini.techkriti.net\/wp-content\/uploads\/2022\/11\/Hypermarble_1597329642.jpg\" \/>\n\t<meta property=\"og:image:width\" content=\"1500\" \/>\n\t<meta property=\"og:image:height\" content=\"1500\" \/>\n\t<meta property=\"og:image:type\" content=\"image\/jpeg\" \/>\n<meta name=\"twitter:card\" content=\"summary_large_image\" \/>\n<meta name=\"twitter:label1\" content=\"Tempo di lettura stimato\" \/>\n\t<meta name=\"twitter:data1\" content=\"1 minuto\" \/>\n<script type=\"application\/ld+json\" class=\"yoast-schema-graph\">{\"@context\":\"https:\/\/schema.org\",\"@graph\":[{\"@type\":\"WebPage\",\"@id\":\"https:\/\/cedrimartini.techkriti.net\/product\/hypermarble\/\",\"url\":\"https:\/\/cedrimartini.techkriti.net\/product\/hypermarble\/\",\"name\":\"Hypermarble - Cedrimartini\",\"isPartOf\":{\"@id\":\"https:\/\/cedrimartini.techkriti.net\/#website\"},\"primaryImageOfPage\":{\"@id\":\"https:\/\/cedrimartini.techkriti.net\/product\/hypermarble\/#primaryimage\"},\"image\":{\"@id\":\"https:\/\/cedrimartini.techkriti.net\/product\/hypermarble\/#primaryimage\"},\"thumbnailUrl\":\"https:\/\/cedrimartini.techkriti.net\/wp-content\/uploads\/2022\/11\/Hypermarble_1597329642.jpg\",\"datePublished\":\"2022-11-15T16:36:12+00:00\",\"dateModified\":\"2022-12-06T10:59:49+00:00\",\"breadcrumb\":{\"@id\":\"https:\/\/cedrimartini.techkriti.net\/product\/hypermarble\/#breadcrumb\"},\"inLanguage\":\"it-IT\",\"potentialAction\":[{\"@type\":\"ReadAction\",\"target\":[\"https:\/\/cedrimartini.techkriti.net\/product\/hypermarble\/\"]}]},{\"@type\":\"ImageObject\",\"inLanguage\":\"it-IT\",\"@id\":\"https:\/\/cedrimartini.techkriti.net\/product\/hypermarble\/#primaryimage\",\"url\":\"https:\/\/cedrimartini.techkriti.net\/wp-content\/uploads\/2022\/11\/Hypermarble_1597329642.jpg\",\"contentUrl\":\"https:\/\/cedrimartini.techkriti.net\/wp-content\/uploads\/2022\/11\/Hypermarble_1597329642.jpg\",\"width\":1500,\"height\":1500},{\"@type\":\"BreadcrumbList\",\"@id\":\"https:\/\/cedrimartini.techkriti.net\/product\/hypermarble\/#breadcrumb\",\"itemListElement\":[{\"@type\":\"ListItem\",\"position\":1,\"name\":\"Home\",\"item\":\"https:\/\/cedrimartini.techkriti.net\/\"},{\"@type\":\"ListItem\",\"position\":2,\"name\":\"Shop\",\"item\":\"https:\/\/cedrimartini.techkriti.net\/it\/shop\/\"},{\"@type\":\"ListItem\",\"position\":3,\"name\":\"Hypermarble\"}]},{\"@type\":\"WebSite\",\"@id\":\"https:\/\/cedrimartini.techkriti.net\/#website\",\"url\":\"https:\/\/cedrimartini.techkriti.net\/\",\"name\":\"Cedrimartini\",\"description\":\"Design Factory\",\"publisher\":{\"@id\":\"https:\/\/cedrimartini.techkriti.net\/#organization\"},\"potentialAction\":[{\"@type\":\"SearchAction\",\"target\":{\"@type\":\"EntryPoint\",\"urlTemplate\":\"https:\/\/cedrimartini.techkriti.net\/?s={search_term_string}\"},\"query-input\":{\"@type\":\"PropertyValueSpecification\",\"valueRequired\":true,\"valueName\":\"search_term_string\"}}],\"inLanguage\":\"it-IT\"},{\"@type\":\"Organization\",\"@id\":\"https:\/\/cedrimartini.techkriti.net\/#organization\",\"name\":\"Cedrimartini\",\"url\":\"https:\/\/cedrimartini.techkriti.net\/\",\"logo\":{\"@type\":\"ImageObject\",\"inLanguage\":\"it-IT\",\"@id\":\"https:\/\/cedrimartini.techkriti.net\/#\/schema\/logo\/image\/\",\"url\":\"https:\/\/cedrimartini.techkriti.net\/wp-content\/uploads\/2022\/10\/logo_home_new.jpg\",\"contentUrl\":\"https:\/\/cedrimartini.techkriti.net\/wp-content\/uploads\/2022\/10\/logo_home_new.jpg\",\"width\":6000,\"height\":800,\"caption\":\"Cedrimartini\"},\"image\":{\"@id\":\"https:\/\/cedrimartini.techkriti.net\/#\/schema\/logo\/image\/\"}}]}<\/script>\n<!-- \/ Yoast SEO plugin. -->","yoast_head_json":{"title":"Hypermarble - Cedrimartini","robots":{"index":"index","follow":"follow","max-snippet":"max-snippet:-1","max-image-preview":"max-image-preview:large","max-video-preview":"max-video-preview:-1"},"canonical":"https:\/\/cedrimartini.techkriti.net\/it\/prodotto\/hypermarble\/","og_locale":"it_IT","og_type":"article","og_title":"Hypermarble - Cedrimartini","og_description":"A material designed not to deprive the nature of its treasures without renounce to the beauty of its stones. Hypermarble has infact their depth and richness of tones plus the possibility of obtaining colors and veins that nature does not offer together to the complete control on the design of the surface allowing so the [&hellip;]","og_url":"https:\/\/cedrimartini.techkriti.net\/it\/prodotto\/hypermarble\/","og_site_name":"Cedrimartini","article_modified_time":"2022-12-06T10:59:49+00:00","og_image":[{"width":1500,"height":1500,"url":"https:\/\/cedrimartini.techkriti.net\/wp-content\/uploads\/2022\/11\/Hypermarble_1597329642.jpg","type":"image\/jpeg"}],"twitter_card":"summary_large_image","twitter_misc":{"Tempo di lettura stimato":"1 minuto"},"schema":{"@context":"https:\/\/schema.org","@graph":[{"@type":"WebPage","@id":"https:\/\/cedrimartini.techkriti.net\/product\/hypermarble\/","url":"https:\/\/cedrimartini.techkriti.net\/product\/hypermarble\/","name":"Hypermarble - Cedrimartini","isPartOf":{"@id":"https:\/\/cedrimartini.techkriti.net\/#website"},"primaryImageOfPage":{"@id":"https:\/\/cedrimartini.techkriti.net\/product\/hypermarble\/#primaryimage"},"image":{"@id":"https:\/\/cedrimartini.techkriti.net\/product\/hypermarble\/#primaryimage"},"thumbnailUrl":"https:\/\/cedrimartini.techkriti.net\/wp-content\/uploads\/2022\/11\/Hypermarble_1597329642.jpg","datePublished":"2022-11-15T16:36:12+00:00","dateModified":"2022-12-06T10:59:49+00:00","breadcrumb":{"@id":"https:\/\/cedrimartini.techkriti.net\/product\/hypermarble\/#breadcrumb"},"inLanguage":"it-IT","potentialAction":[{"@type":"ReadAction","target":["https:\/\/cedrimartini.techkriti.net\/product\/hypermarble\/"]}]},{"@type":"ImageObject","inLanguage":"it-IT","@id":"https:\/\/cedrimartini.techkriti.net\/product\/hypermarble\/#primaryimage","url":"https:\/\/cedrimartini.techkriti.net\/wp-content\/uploads\/2022\/11\/Hypermarble_1597329642.jpg","contentUrl":"https:\/\/cedrimartini.techkriti.net\/wp-content\/uploads\/2022\/11\/Hypermarble_1597329642.jpg","width":1500,"height":1500},{"@type":"BreadcrumbList","@id":"https:\/\/cedrimartini.techkriti.net\/product\/hypermarble\/#breadcrumb","itemListElement":[{"@type":"ListItem","position":1,"name":"Home","item":"https:\/\/cedrimartini.techkriti.net\/"},{"@type":"ListItem","position":2,"name":"Shop","item":"https:\/\/cedrimartini.techkriti.net\/it\/shop\/"},{"@type":"ListItem","position":3,"name":"Hypermarble"}]},{"@type":"WebSite","@id":"https:\/\/cedrimartini.techkriti.net\/#website","url":"https:\/\/cedrimartini.techkriti.net\/","name":"Cedrimartini","description":"Design Factory","publisher":{"@id":"https:\/\/cedrimartini.techkriti.net\/#organization"},"potentialAction":[{"@type":"SearchAction","target":{"@type":"EntryPoint","urlTemplate":"https:\/\/cedrimartini.techkriti.net\/?s={search_term_string}"},"query-input":{"@type":"PropertyValueSpecification","valueRequired":true,"valueName":"search_term_string"}}],"inLanguage":"it-IT"},{"@type":"Organization","@id":"https:\/\/cedrimartini.techkriti.net\/#organization","name":"Cedrimartini","url":"https:\/\/cedrimartini.techkriti.net\/","logo":{"@type":"ImageObject","inLanguage":"it-IT","@id":"https:\/\/cedrimartini.techkriti.net\/#\/schema\/logo\/image\/","url":"https:\/\/cedrimartini.techkriti.net\/wp-content\/uploads\/2022\/10\/logo_home_new.jpg","contentUrl":"https:\/\/cedrimartini.techkriti.net\/wp-content\/uploads\/2022\/10\/logo_home_new.jpg","width":6000,"height":800,"caption":"Cedrimartini"},"image":{"@id":"https:\/\/cedrimartini.techkriti.net\/#\/schema\/logo\/image\/"}}]}},"_links":{"self":[{"href":"https:\/\/cedrimartini.techkriti.net\/it\/wp-json\/wp\/v2\/product\/6892","targetHints":{"allow":["GET"]}}],"collection":[{"href":"https:\/\/cedrimartini.techkriti.net\/it\/wp-json\/wp\/v2\/product"}],"about":[{"href":"https:\/\/cedrimartini.techkriti.net\/it\/wp-json\/wp\/v2\/types\/product"}],"version-history":[{"count":23,"href":"https:\/\/cedrimartini.techkriti.net\/it\/wp-json\/wp\/v2\/product\/6892\/revisions"}],"predecessor-version":[{"id":7120,"href":"https:\/\/cedrimartini.techkriti.net\/it\/wp-json\/wp\/v2\/product\/6892\/revisions\/7120"}],"wp:featuredmedia":[{"embeddable":true,"href":"https:\/\/cedrimartini.techkriti.net\/it\/wp-json\/wp\/v2\/media\/6897"}],"wp:attachment":[{"href":"https:\/\/cedrimartini.techkriti.net\/it\/wp-json\/wp\/v2\/media?parent=6892"}],"wp:term":[{"taxonomy":"product_brand","embeddable":true,"href":"https:\/\/cedrimartini.techkriti.net\/it\/wp-json\/wp\/v2\/product_brand?post=6892"},{"taxonomy":"product_cat","embeddable":true,"href":"https:\/\/cedrimartini.techkriti.net\/it\/wp-json\/wp\/v2\/product_cat?post=6892"},{"taxonomy":"product_tag","embeddable":true,"href":"https:\/\/cedrimartini.techkriti.net\/it\/wp-json\/wp\/v2\/product_tag?post=6892"}],"curies":[{"name":"wp","href":"https:\/\/api.w.org\/{rel}","templated":true}]}}