{"id":6793,"date":"2022-11-15T14:36:18","date_gmt":"2022-11-15T13:36:18","guid":{"rendered":"https:\/\/dev.cedrimartini.it\/?post_type=product&#038;p=6793"},"modified":"2022-11-15T15:21:46","modified_gmt":"2022-11-15T14:21:46","slug":"module","status":"publish","type":"product","link":"https:\/\/cedrimartini.techkriti.net\/it\/prodotto\/module\/","title":{"rendered":"Module"},"content":{"rendered":"<p>Una collezione che aggiunge alla classica fornitura in lastra dei nostri materiali la possibilit\u00e0 di giocare con forme particolari. Dalle pi\u00f9 tradizionali della linea Basic ai kit costituiti da pi\u00f9 moduli abbinati. Ogni pezzo rifinito da bordi bisellati realizzati in grande formato cos\u00ec da permettere una posa rapida. Lo spessore contenuto e la struttura fibro-rinforzata uniscono inoltre leggerezza e lavorabilit\u00e0 garantendo allo stesso tempo grande robustezza. I modelli qui presentati sono solo alcuni esempi a cui si possono aggiungere soluzioni su vostro stesso disegno cos\u00ec da permettervi di realizzare rivestimenti davvero unici.<\/p>","protected":false},"excerpt":{"rendered":"<p>A collection which adds to the classic supply in slab of our materials the possibility to play with particular shapes. From the more traditional ones of the line Basic to the kits composed by several combined modules. Each piece finished by beveled edges made in large format as well to allow a quick installation. The [&hellip;]<\/p>","protected":false},"featured_media":6823,"template":"","meta":{"inline_featured_image":false},"product_brand":[],"product_cat":[33],"product_tag":[],"class_list":{"0":"post-6793","1":"product","2":"type-product","3":"status-publish","4":"has-post-thumbnail","6":"product_cat-surfaces","8":"first","9":"instock","10":"shipping-taxable","11":"product-type-simple"},"yoast_head":"<!-- This site is optimized with the Yoast SEO plugin v27.2 - https:\/\/yoast.com\/product\/yoast-seo-wordpress\/ -->\n<title>Module - Cedrimartini<\/title>\n<meta name=\"robots\" content=\"index, follow, max-snippet:-1, max-image-preview:large, max-video-preview:-1\" \/>\n<link rel=\"canonical\" href=\"https:\/\/cedrimartini.techkriti.net\/it\/prodotto\/module\/\" \/>\n<meta property=\"og:locale\" content=\"it_IT\" \/>\n<meta property=\"og:type\" content=\"article\" \/>\n<meta property=\"og:title\" content=\"Module - Cedrimartini\" \/>\n<meta property=\"og:description\" content=\"A collection which adds to the classic supply in slab of our materials the possibility to play with particular shapes. From the more traditional ones of the line Basic to the kits composed by several combined modules. Each piece finished by beveled edges made in large format as well to allow a quick installation. The [&hellip;]\" \/>\n<meta property=\"og:url\" content=\"https:\/\/cedrimartini.techkriti.net\/it\/prodotto\/module\/\" \/>\n<meta property=\"og:site_name\" content=\"Cedrimartini\" \/>\n<meta property=\"article:modified_time\" content=\"2022-11-15T14:21:46+00:00\" \/>\n<meta property=\"og:image\" content=\"https:\/\/cedrimartini.techkriti.net\/wp-content\/uploads\/2022\/11\/Module-collezione_1600628870.jpg\" \/>\n\t<meta property=\"og:image:width\" content=\"1200\" \/>\n\t<meta property=\"og:image:height\" content=\"1200\" \/>\n\t<meta property=\"og:image:type\" content=\"image\/jpeg\" \/>\n<meta name=\"twitter:card\" content=\"summary_large_image\" \/>\n<script type=\"application\/ld+json\" class=\"yoast-schema-graph\">{\"@context\":\"https:\/\/schema.org\",\"@graph\":[{\"@type\":\"WebPage\",\"@id\":\"https:\/\/cedrimartini.techkriti.net\/product\/module\/\",\"url\":\"https:\/\/cedrimartini.techkriti.net\/product\/module\/\",\"name\":\"Module - Cedrimartini\",\"isPartOf\":{\"@id\":\"https:\/\/cedrimartini.techkriti.net\/#website\"},\"primaryImageOfPage\":{\"@id\":\"https:\/\/cedrimartini.techkriti.net\/product\/module\/#primaryimage\"},\"image\":{\"@id\":\"https:\/\/cedrimartini.techkriti.net\/product\/module\/#primaryimage\"},\"thumbnailUrl\":\"https:\/\/cedrimartini.techkriti.net\/wp-content\/uploads\/2022\/11\/Module-collezione_1600628870.jpg\",\"datePublished\":\"2022-11-15T13:36:18+00:00\",\"dateModified\":\"2022-11-15T14:21:46+00:00\",\"breadcrumb\":{\"@id\":\"https:\/\/cedrimartini.techkriti.net\/product\/module\/#breadcrumb\"},\"inLanguage\":\"it-IT\",\"potentialAction\":[{\"@type\":\"ReadAction\",\"target\":[\"https:\/\/cedrimartini.techkriti.net\/product\/module\/\"]}]},{\"@type\":\"ImageObject\",\"inLanguage\":\"it-IT\",\"@id\":\"https:\/\/cedrimartini.techkriti.net\/product\/module\/#primaryimage\",\"url\":\"https:\/\/cedrimartini.techkriti.net\/wp-content\/uploads\/2022\/11\/Module-collezione_1600628870.jpg\",\"contentUrl\":\"https:\/\/cedrimartini.techkriti.net\/wp-content\/uploads\/2022\/11\/Module-collezione_1600628870.jpg\",\"width\":1200,\"height\":1200},{\"@type\":\"BreadcrumbList\",\"@id\":\"https:\/\/cedrimartini.techkriti.net\/product\/module\/#breadcrumb\",\"itemListElement\":[{\"@type\":\"ListItem\",\"position\":1,\"name\":\"Home\",\"item\":\"https:\/\/cedrimartini.techkriti.net\/\"},{\"@type\":\"ListItem\",\"position\":2,\"name\":\"Shop\",\"item\":\"https:\/\/cedrimartini.techkriti.net\/it\/shop\/\"},{\"@type\":\"ListItem\",\"position\":3,\"name\":\"Module\"}]},{\"@type\":\"WebSite\",\"@id\":\"https:\/\/cedrimartini.techkriti.net\/#website\",\"url\":\"https:\/\/cedrimartini.techkriti.net\/\",\"name\":\"Cedrimartini\",\"description\":\"Design Factory\",\"publisher\":{\"@id\":\"https:\/\/cedrimartini.techkriti.net\/#organization\"},\"potentialAction\":[{\"@type\":\"SearchAction\",\"target\":{\"@type\":\"EntryPoint\",\"urlTemplate\":\"https:\/\/cedrimartini.techkriti.net\/?s={search_term_string}\"},\"query-input\":{\"@type\":\"PropertyValueSpecification\",\"valueRequired\":true,\"valueName\":\"search_term_string\"}}],\"inLanguage\":\"it-IT\"},{\"@type\":\"Organization\",\"@id\":\"https:\/\/cedrimartini.techkriti.net\/#organization\",\"name\":\"Cedrimartini\",\"url\":\"https:\/\/cedrimartini.techkriti.net\/\",\"logo\":{\"@type\":\"ImageObject\",\"inLanguage\":\"it-IT\",\"@id\":\"https:\/\/cedrimartini.techkriti.net\/#\/schema\/logo\/image\/\",\"url\":\"https:\/\/cedrimartini.techkriti.net\/wp-content\/uploads\/2022\/10\/logo_home_new.jpg\",\"contentUrl\":\"https:\/\/cedrimartini.techkriti.net\/wp-content\/uploads\/2022\/10\/logo_home_new.jpg\",\"width\":6000,\"height\":800,\"caption\":\"Cedrimartini\"},\"image\":{\"@id\":\"https:\/\/cedrimartini.techkriti.net\/#\/schema\/logo\/image\/\"}}]}<\/script>\n<!-- \/ Yoast SEO plugin. -->","yoast_head_json":{"title":"Module - Cedrimartini","robots":{"index":"index","follow":"follow","max-snippet":"max-snippet:-1","max-image-preview":"max-image-preview:large","max-video-preview":"max-video-preview:-1"},"canonical":"https:\/\/cedrimartini.techkriti.net\/it\/prodotto\/module\/","og_locale":"it_IT","og_type":"article","og_title":"Module - Cedrimartini","og_description":"A collection which adds to the classic supply in slab of our materials the possibility to play with particular shapes. From the more traditional ones of the line Basic to the kits composed by several combined modules. Each piece finished by beveled edges made in large format as well to allow a quick installation. The [&hellip;]","og_url":"https:\/\/cedrimartini.techkriti.net\/it\/prodotto\/module\/","og_site_name":"Cedrimartini","article_modified_time":"2022-11-15T14:21:46+00:00","og_image":[{"width":1200,"height":1200,"url":"https:\/\/cedrimartini.techkriti.net\/wp-content\/uploads\/2022\/11\/Module-collezione_1600628870.jpg","type":"image\/jpeg"}],"twitter_card":"summary_large_image","schema":{"@context":"https:\/\/schema.org","@graph":[{"@type":"WebPage","@id":"https:\/\/cedrimartini.techkriti.net\/product\/module\/","url":"https:\/\/cedrimartini.techkriti.net\/product\/module\/","name":"Module - Cedrimartini","isPartOf":{"@id":"https:\/\/cedrimartini.techkriti.net\/#website"},"primaryImageOfPage":{"@id":"https:\/\/cedrimartini.techkriti.net\/product\/module\/#primaryimage"},"image":{"@id":"https:\/\/cedrimartini.techkriti.net\/product\/module\/#primaryimage"},"thumbnailUrl":"https:\/\/cedrimartini.techkriti.net\/wp-content\/uploads\/2022\/11\/Module-collezione_1600628870.jpg","datePublished":"2022-11-15T13:36:18+00:00","dateModified":"2022-11-15T14:21:46+00:00","breadcrumb":{"@id":"https:\/\/cedrimartini.techkriti.net\/product\/module\/#breadcrumb"},"inLanguage":"it-IT","potentialAction":[{"@type":"ReadAction","target":["https:\/\/cedrimartini.techkriti.net\/product\/module\/"]}]},{"@type":"ImageObject","inLanguage":"it-IT","@id":"https:\/\/cedrimartini.techkriti.net\/product\/module\/#primaryimage","url":"https:\/\/cedrimartini.techkriti.net\/wp-content\/uploads\/2022\/11\/Module-collezione_1600628870.jpg","contentUrl":"https:\/\/cedrimartini.techkriti.net\/wp-content\/uploads\/2022\/11\/Module-collezione_1600628870.jpg","width":1200,"height":1200},{"@type":"BreadcrumbList","@id":"https:\/\/cedrimartini.techkriti.net\/product\/module\/#breadcrumb","itemListElement":[{"@type":"ListItem","position":1,"name":"Home","item":"https:\/\/cedrimartini.techkriti.net\/"},{"@type":"ListItem","position":2,"name":"Shop","item":"https:\/\/cedrimartini.techkriti.net\/it\/shop\/"},{"@type":"ListItem","position":3,"name":"Module"}]},{"@type":"WebSite","@id":"https:\/\/cedrimartini.techkriti.net\/#website","url":"https:\/\/cedrimartini.techkriti.net\/","name":"Cedrimartini","description":"Design Factory","publisher":{"@id":"https:\/\/cedrimartini.techkriti.net\/#organization"},"potentialAction":[{"@type":"SearchAction","target":{"@type":"EntryPoint","urlTemplate":"https:\/\/cedrimartini.techkriti.net\/?s={search_term_string}"},"query-input":{"@type":"PropertyValueSpecification","valueRequired":true,"valueName":"search_term_string"}}],"inLanguage":"it-IT"},{"@type":"Organization","@id":"https:\/\/cedrimartini.techkriti.net\/#organization","name":"Cedrimartini","url":"https:\/\/cedrimartini.techkriti.net\/","logo":{"@type":"ImageObject","inLanguage":"it-IT","@id":"https:\/\/cedrimartini.techkriti.net\/#\/schema\/logo\/image\/","url":"https:\/\/cedrimartini.techkriti.net\/wp-content\/uploads\/2022\/10\/logo_home_new.jpg","contentUrl":"https:\/\/cedrimartini.techkriti.net\/wp-content\/uploads\/2022\/10\/logo_home_new.jpg","width":6000,"height":800,"caption":"Cedrimartini"},"image":{"@id":"https:\/\/cedrimartini.techkriti.net\/#\/schema\/logo\/image\/"}}]}},"_links":{"self":[{"href":"https:\/\/cedrimartini.techkriti.net\/it\/wp-json\/wp\/v2\/product\/6793","targetHints":{"allow":["GET"]}}],"collection":[{"href":"https:\/\/cedrimartini.techkriti.net\/it\/wp-json\/wp\/v2\/product"}],"about":[{"href":"https:\/\/cedrimartini.techkriti.net\/it\/wp-json\/wp\/v2\/types\/product"}],"version-history":[{"count":0,"href":"https:\/\/cedrimartini.techkriti.net\/it\/wp-json\/wp\/v2\/product\/6793\/revisions"}],"wp:featuredmedia":[{"embeddable":true,"href":"https:\/\/cedrimartini.techkriti.net\/it\/wp-json\/wp\/v2\/media\/6823"}],"wp:attachment":[{"href":"https:\/\/cedrimartini.techkriti.net\/it\/wp-json\/wp\/v2\/media?parent=6793"}],"wp:term":[{"taxonomy":"product_brand","embeddable":true,"href":"https:\/\/cedrimartini.techkriti.net\/it\/wp-json\/wp\/v2\/product_brand?post=6793"},{"taxonomy":"product_cat","embeddable":true,"href":"https:\/\/cedrimartini.techkriti.net\/it\/wp-json\/wp\/v2\/product_cat?post=6793"},{"taxonomy":"product_tag","embeddable":true,"href":"https:\/\/cedrimartini.techkriti.net\/it\/wp-json\/wp\/v2\/product_tag?post=6793"}],"curies":[{"name":"wp","href":"https:\/\/api.w.org\/{rel}","templated":true}]}}