{"id":6715,"date":"2022-11-15T11:19:47","date_gmt":"2022-11-15T10:19:47","guid":{"rendered":"https:\/\/dev.cedrimartini.it\/?post_type=product&#038;p=6715"},"modified":"2024-03-20T19:36:49","modified_gmt":"2024-03-20T18:36:49","slug":"nibiru","status":"publish","type":"product","link":"https:\/\/cedrimartini.techkriti.net\/it\/prodotto\/nibiru\/","title":{"rendered":"Nibiru"},"content":{"rendered":"<div data-elementor-type=\"wp-post\" data-elementor-id=\"6715\" class=\"elementor elementor-6715\">\n\t\t\t\t\t\t\t\t\t<section class=\"elementor-section elementor-top-section elementor-element elementor-element-372bab7f elementor-section-boxed elementor-section-height-default elementor-section-height-default\" data-id=\"372bab7f\" data-element_type=\"section\">\n\t\t\t\t\t\t<div class=\"elementor-container elementor-column-gap-default\">\n\t\t\t\t\t<div class=\"elementor-column elementor-col-100 elementor-top-column elementor-element elementor-element-1b2436b2\" data-id=\"1b2436b2\" data-element_type=\"column\">\n\t\t\t<div class=\"elementor-widget-wrap elementor-element-populated\">\n\t\t\t\t\t\t\n\t\t<div class=\"elementor-element elementor-element-502eee87 elementor-widget elementor-widget-text-editor\" data-id=\"502eee87\" data-element_type=\"widget\" data-widget_type=\"text-editor.default\">\n\t\t\t\t<div class=\"elementor-widget-container\">\n\t\t\t<style>\/*! elementor - v3.9.2 - 21-12-2022 *\/\n.elementor-widget-text-editor.elementor-drop-cap-view-stacked .elementor-drop-cap{background-color:#818a91;color:#fff}.elementor-widget-text-editor.elementor-drop-cap-view-framed .elementor-drop-cap{color:#818a91;border:3px solid;background-color:transparent}.elementor-widget-text-editor:not(.elementor-drop-cap-view-default) .elementor-drop-cap{margin-top:8px}.elementor-widget-text-editor:not(.elementor-drop-cap-view-default) .elementor-drop-cap-letter{width:1em;height:1em}.elementor-widget-text-editor .elementor-drop-cap{float:left;text-align:center;line-height:1;font-size:50px}.elementor-widget-text-editor .elementor-drop-cap-letter{display:inline-block}<\/style>\t\t\t\tCollezione scultorea realizzata in legno e collegati da profili metallici in rame, alluminio ottone e bronzo. La linea comprende diversi modelli di poltrone e tavoli. Tutti sono realizzati in modo scultoreo, ogni pezzo \u00e8 realizzato uno ad uno, quindi per questo motivo unico e anche personalizzabile in ogni modo, forme e dimensioni possono essere\nmodificate liberamente su richiesta del cliente. Ogni altra essenza di legno \u00e8 disponibile come pu\u00f2 essere modificato anche il colore dei profili di collegamento scegliendo tra la gamma dei colori Ral. Per le sedute \u00e8 possibile richiedere il rivestimento imbottito corrispondente ai moduli presenti nel modello.\t\t\t\t\t\t<\/div>\n\t\t\t\t<\/div>\n\t\t\t\t\t<\/div>\n\t\t<\/div>\n\t\t\t\t\t\t\t<\/div>\n\t\t<\/section>\n\t\t\t\t\t\t\t<\/div>","protected":false},"excerpt":{"rendered":"<p>Sculptural collection made in solid wood elements connected by metal profiles in copper, brass aluminium and bronze. The hole line include also various models of armchairs and tables. All are realized in a sculptural way, each piece is made one by one and for that reason unique and customizable in every way, size and shape [&hellip;]<\/p>","protected":false},"featured_media":8342,"template":"","meta":{"inline_featured_image":false},"product_brand":[],"product_cat":[93],"product_tag":[],"class_list":{"0":"post-6715","1":"product","2":"type-product","3":"status-publish","4":"has-post-thumbnail","6":"product_cat-urban-design","8":"first","9":"onbackorder","10":"shipping-taxable","11":"purchasable","12":"product-type-simple"},"yoast_head":"<!-- This site is optimized with the Yoast SEO plugin v27.2 - https:\/\/yoast.com\/product\/yoast-seo-wordpress\/ -->\n<title>Nibiru - Cedrimartini<\/title>\n<meta name=\"robots\" content=\"index, follow, max-snippet:-1, max-image-preview:large, max-video-preview:-1\" \/>\n<link rel=\"canonical\" href=\"https:\/\/cedrimartini.techkriti.net\/it\/prodotto\/nibiru\/\" \/>\n<meta property=\"og:locale\" content=\"it_IT\" \/>\n<meta property=\"og:type\" content=\"article\" \/>\n<meta property=\"og:title\" content=\"Nibiru - Cedrimartini\" \/>\n<meta property=\"og:description\" content=\"Sculptural collection made in solid wood elements connected by metal profiles in copper, brass aluminium and bronze. The hole line include also various models of armchairs and tables. All are realized in a sculptural way, each piece is made one by one and for that reason unique and customizable in every way, size and shape [&hellip;]\" \/>\n<meta property=\"og:url\" content=\"https:\/\/cedrimartini.techkriti.net\/it\/prodotto\/nibiru\/\" \/>\n<meta property=\"og:site_name\" content=\"Cedrimartini\" \/>\n<meta property=\"article:modified_time\" content=\"2024-03-20T18:36:49+00:00\" \/>\n<meta property=\"og:image\" content=\"https:\/\/cedrimartini.techkriti.net\/wp-content\/uploads\/2022\/11\/NIBIRU-web-4-1-1024x1024.png\" \/>\n\t<meta property=\"og:image:width\" content=\"1024\" \/>\n\t<meta property=\"og:image:height\" content=\"1024\" \/>\n\t<meta property=\"og:image:type\" content=\"image\/png\" \/>\n<meta name=\"twitter:card\" content=\"summary_large_image\" \/>\n<meta name=\"twitter:label1\" content=\"Tempo di lettura stimato\" \/>\n\t<meta name=\"twitter:data1\" content=\"1 minuto\" \/>\n<script type=\"application\/ld+json\" class=\"yoast-schema-graph\">{\"@context\":\"https:\/\/schema.org\",\"@graph\":[{\"@type\":\"WebPage\",\"@id\":\"https:\/\/cedrimartini.techkriti.net\/product\/nibiru\/\",\"url\":\"https:\/\/cedrimartini.techkriti.net\/product\/nibiru\/\",\"name\":\"Nibiru - Cedrimartini\",\"isPartOf\":{\"@id\":\"https:\/\/cedrimartini.techkriti.net\/#website\"},\"primaryImageOfPage\":{\"@id\":\"https:\/\/cedrimartini.techkriti.net\/product\/nibiru\/#primaryimage\"},\"image\":{\"@id\":\"https:\/\/cedrimartini.techkriti.net\/product\/nibiru\/#primaryimage\"},\"thumbnailUrl\":\"https:\/\/cedrimartini.techkriti.net\/wp-content\/uploads\/2022\/11\/NIBIRU-web-4-1.png\",\"datePublished\":\"2022-11-15T10:19:47+00:00\",\"dateModified\":\"2024-03-20T18:36:49+00:00\",\"breadcrumb\":{\"@id\":\"https:\/\/cedrimartini.techkriti.net\/product\/nibiru\/#breadcrumb\"},\"inLanguage\":\"it-IT\",\"potentialAction\":[{\"@type\":\"ReadAction\",\"target\":[\"https:\/\/cedrimartini.techkriti.net\/product\/nibiru\/\"]}]},{\"@type\":\"ImageObject\",\"inLanguage\":\"it-IT\",\"@id\":\"https:\/\/cedrimartini.techkriti.net\/product\/nibiru\/#primaryimage\",\"url\":\"https:\/\/cedrimartini.techkriti.net\/wp-content\/uploads\/2022\/11\/NIBIRU-web-4-1.png\",\"contentUrl\":\"https:\/\/cedrimartini.techkriti.net\/wp-content\/uploads\/2022\/11\/NIBIRU-web-4-1.png\",\"width\":2362,\"height\":2362,\"caption\":\"Oceania\"},{\"@type\":\"BreadcrumbList\",\"@id\":\"https:\/\/cedrimartini.techkriti.net\/product\/nibiru\/#breadcrumb\",\"itemListElement\":[{\"@type\":\"ListItem\",\"position\":1,\"name\":\"Home\",\"item\":\"https:\/\/cedrimartini.techkriti.net\/\"},{\"@type\":\"ListItem\",\"position\":2,\"name\":\"Shop\",\"item\":\"https:\/\/cedrimartini.techkriti.net\/it\/shop\/\"},{\"@type\":\"ListItem\",\"position\":3,\"name\":\"Nibiru\"}]},{\"@type\":\"WebSite\",\"@id\":\"https:\/\/cedrimartini.techkriti.net\/#website\",\"url\":\"https:\/\/cedrimartini.techkriti.net\/\",\"name\":\"Cedrimartini\",\"description\":\"Design Factory\",\"publisher\":{\"@id\":\"https:\/\/cedrimartini.techkriti.net\/#organization\"},\"potentialAction\":[{\"@type\":\"SearchAction\",\"target\":{\"@type\":\"EntryPoint\",\"urlTemplate\":\"https:\/\/cedrimartini.techkriti.net\/?s={search_term_string}\"},\"query-input\":{\"@type\":\"PropertyValueSpecification\",\"valueRequired\":true,\"valueName\":\"search_term_string\"}}],\"inLanguage\":\"it-IT\"},{\"@type\":\"Organization\",\"@id\":\"https:\/\/cedrimartini.techkriti.net\/#organization\",\"name\":\"Cedrimartini\",\"url\":\"https:\/\/cedrimartini.techkriti.net\/\",\"logo\":{\"@type\":\"ImageObject\",\"inLanguage\":\"it-IT\",\"@id\":\"https:\/\/cedrimartini.techkriti.net\/#\/schema\/logo\/image\/\",\"url\":\"https:\/\/cedrimartini.techkriti.net\/wp-content\/uploads\/2022\/10\/logo_home_new.jpg\",\"contentUrl\":\"https:\/\/cedrimartini.techkriti.net\/wp-content\/uploads\/2022\/10\/logo_home_new.jpg\",\"width\":6000,\"height\":800,\"caption\":\"Cedrimartini\"},\"image\":{\"@id\":\"https:\/\/cedrimartini.techkriti.net\/#\/schema\/logo\/image\/\"}}]}<\/script>\n<!-- \/ Yoast SEO plugin. -->","yoast_head_json":{"title":"Nibiru - Cedrimartini","robots":{"index":"index","follow":"follow","max-snippet":"max-snippet:-1","max-image-preview":"max-image-preview:large","max-video-preview":"max-video-preview:-1"},"canonical":"https:\/\/cedrimartini.techkriti.net\/it\/prodotto\/nibiru\/","og_locale":"it_IT","og_type":"article","og_title":"Nibiru - Cedrimartini","og_description":"Sculptural collection made in solid wood elements connected by metal profiles in copper, brass aluminium and bronze. The hole line include also various models of armchairs and tables. All are realized in a sculptural way, each piece is made one by one and for that reason unique and customizable in every way, size and shape [&hellip;]","og_url":"https:\/\/cedrimartini.techkriti.net\/it\/prodotto\/nibiru\/","og_site_name":"Cedrimartini","article_modified_time":"2024-03-20T18:36:49+00:00","og_image":[{"width":1024,"height":1024,"url":"https:\/\/cedrimartini.techkriti.net\/wp-content\/uploads\/2022\/11\/NIBIRU-web-4-1-1024x1024.png","type":"image\/png"}],"twitter_card":"summary_large_image","twitter_misc":{"Tempo di lettura stimato":"1 minuto"},"schema":{"@context":"https:\/\/schema.org","@graph":[{"@type":"WebPage","@id":"https:\/\/cedrimartini.techkriti.net\/product\/nibiru\/","url":"https:\/\/cedrimartini.techkriti.net\/product\/nibiru\/","name":"Nibiru - Cedrimartini","isPartOf":{"@id":"https:\/\/cedrimartini.techkriti.net\/#website"},"primaryImageOfPage":{"@id":"https:\/\/cedrimartini.techkriti.net\/product\/nibiru\/#primaryimage"},"image":{"@id":"https:\/\/cedrimartini.techkriti.net\/product\/nibiru\/#primaryimage"},"thumbnailUrl":"https:\/\/cedrimartini.techkriti.net\/wp-content\/uploads\/2022\/11\/NIBIRU-web-4-1.png","datePublished":"2022-11-15T10:19:47+00:00","dateModified":"2024-03-20T18:36:49+00:00","breadcrumb":{"@id":"https:\/\/cedrimartini.techkriti.net\/product\/nibiru\/#breadcrumb"},"inLanguage":"it-IT","potentialAction":[{"@type":"ReadAction","target":["https:\/\/cedrimartini.techkriti.net\/product\/nibiru\/"]}]},{"@type":"ImageObject","inLanguage":"it-IT","@id":"https:\/\/cedrimartini.techkriti.net\/product\/nibiru\/#primaryimage","url":"https:\/\/cedrimartini.techkriti.net\/wp-content\/uploads\/2022\/11\/NIBIRU-web-4-1.png","contentUrl":"https:\/\/cedrimartini.techkriti.net\/wp-content\/uploads\/2022\/11\/NIBIRU-web-4-1.png","width":2362,"height":2362,"caption":"Oceania"},{"@type":"BreadcrumbList","@id":"https:\/\/cedrimartini.techkriti.net\/product\/nibiru\/#breadcrumb","itemListElement":[{"@type":"ListItem","position":1,"name":"Home","item":"https:\/\/cedrimartini.techkriti.net\/"},{"@type":"ListItem","position":2,"name":"Shop","item":"https:\/\/cedrimartini.techkriti.net\/it\/shop\/"},{"@type":"ListItem","position":3,"name":"Nibiru"}]},{"@type":"WebSite","@id":"https:\/\/cedrimartini.techkriti.net\/#website","url":"https:\/\/cedrimartini.techkriti.net\/","name":"Cedrimartini","description":"Design Factory","publisher":{"@id":"https:\/\/cedrimartini.techkriti.net\/#organization"},"potentialAction":[{"@type":"SearchAction","target":{"@type":"EntryPoint","urlTemplate":"https:\/\/cedrimartini.techkriti.net\/?s={search_term_string}"},"query-input":{"@type":"PropertyValueSpecification","valueRequired":true,"valueName":"search_term_string"}}],"inLanguage":"it-IT"},{"@type":"Organization","@id":"https:\/\/cedrimartini.techkriti.net\/#organization","name":"Cedrimartini","url":"https:\/\/cedrimartini.techkriti.net\/","logo":{"@type":"ImageObject","inLanguage":"it-IT","@id":"https:\/\/cedrimartini.techkriti.net\/#\/schema\/logo\/image\/","url":"https:\/\/cedrimartini.techkriti.net\/wp-content\/uploads\/2022\/10\/logo_home_new.jpg","contentUrl":"https:\/\/cedrimartini.techkriti.net\/wp-content\/uploads\/2022\/10\/logo_home_new.jpg","width":6000,"height":800,"caption":"Cedrimartini"},"image":{"@id":"https:\/\/cedrimartini.techkriti.net\/#\/schema\/logo\/image\/"}}]}},"_links":{"self":[{"href":"https:\/\/cedrimartini.techkriti.net\/it\/wp-json\/wp\/v2\/product\/6715","targetHints":{"allow":["GET"]}}],"collection":[{"href":"https:\/\/cedrimartini.techkriti.net\/it\/wp-json\/wp\/v2\/product"}],"about":[{"href":"https:\/\/cedrimartini.techkriti.net\/it\/wp-json\/wp\/v2\/types\/product"}],"version-history":[{"count":1,"href":"https:\/\/cedrimartini.techkriti.net\/it\/wp-json\/wp\/v2\/product\/6715\/revisions"}],"predecessor-version":[{"id":8086,"href":"https:\/\/cedrimartini.techkriti.net\/it\/wp-json\/wp\/v2\/product\/6715\/revisions\/8086"}],"wp:featuredmedia":[{"embeddable":true,"href":"https:\/\/cedrimartini.techkriti.net\/it\/wp-json\/wp\/v2\/media\/8342"}],"wp:attachment":[{"href":"https:\/\/cedrimartini.techkriti.net\/it\/wp-json\/wp\/v2\/media?parent=6715"}],"wp:term":[{"taxonomy":"product_brand","embeddable":true,"href":"https:\/\/cedrimartini.techkriti.net\/it\/wp-json\/wp\/v2\/product_brand?post=6715"},{"taxonomy":"product_cat","embeddable":true,"href":"https:\/\/cedrimartini.techkriti.net\/it\/wp-json\/wp\/v2\/product_cat?post=6715"},{"taxonomy":"product_tag","embeddable":true,"href":"https:\/\/cedrimartini.techkriti.net\/it\/wp-json\/wp\/v2\/product_tag?post=6715"}],"curies":[{"name":"wp","href":"https:\/\/api.w.org\/{rel}","templated":true}]}}