{"id":3,"date":"2022-10-07T20:09:52","date_gmt":"2022-10-07T19:09:52","guid":{"rendered":"https:\/\/cedrimartini.fabioevan.it\/?page_id=3"},"modified":"2023-03-09T14:55:23","modified_gmt":"2023-03-09T13:55:23","slug":"privacy-policy","status":"publish","type":"page","link":"https:\/\/cedrimartini.techkriti.net\/it\/privacy-policy\/","title":{"rendered":"Privacy Policy"},"content":{"rendered":"<div data-elementor-type=\"wp-page\" data-elementor-id=\"3\" class=\"elementor elementor-3\">\n\t\t\t\t\t\t\t\t\t<section class=\"elementor-section elementor-top-section elementor-element elementor-element-7c0e035f elementor-section-boxed elementor-section-height-default elementor-section-height-default\" data-id=\"7c0e035f\" data-element_type=\"section\">\n\t\t\t\t\t\t<div class=\"elementor-container elementor-column-gap-default\">\n\t\t\t\t\t<div class=\"elementor-column elementor-col-100 elementor-top-column elementor-element elementor-element-6ee54fba\" data-id=\"6ee54fba\" data-element_type=\"column\">\n\t\t\t<div class=\"elementor-widget-wrap elementor-element-populated\">\n\t\t\t\t\t\t\n\t\t<div class=\"elementor-element elementor-element-30fa308e elementor-widget elementor-widget-text-editor\" data-id=\"30fa308e\" data-element_type=\"widget\" data-widget_type=\"text-editor.default\">\n\t\t\t\t<div class=\"elementor-widget-container\">\n\t\t\t<style>\/*! elementor - v3.9.2 - 21-12-2022 *\/\n.elementor-widget-text-editor.elementor-drop-cap-view-stacked .elementor-drop-cap{background-color:#818a91;color:#fff}.elementor-widget-text-editor.elementor-drop-cap-view-framed .elementor-drop-cap{color:#818a91;border:3px solid;background-color:transparent}.elementor-widget-text-editor:not(.elementor-drop-cap-view-default) .elementor-drop-cap{margin-top:8px}.elementor-widget-text-editor:not(.elementor-drop-cap-view-default) .elementor-drop-cap-letter{width:1em;height:1em}.elementor-widget-text-editor .elementor-drop-cap{float:left;text-align:center;line-height:1;font-size:50px}.elementor-widget-text-editor .elementor-drop-cap-letter{display:inline-block}<\/style>\t\t\t\t<p><!-- wp:heading --><\/p>\n<p>INFORMATIVA PER IL TRATTAMENTO<br \/>DEI DATI PERSONALI<\/p>\n<p><span style=\"color: var( --e-global-color-text );\">Cedrimartini Srls con sede in via artigianato 17, 36100 Vicenza (VI), Italia, CF e P.Iva 04404400246 (in seguito, \u201cTitolare\u201d), in qualit\u00e0 di titolare del trattamento, Ti informa ai sensi dell\u2019art. 13 D.Lgs. 30.6.2003 n. 196 (in seguito, \u201cCodice Privacy\u201d) e dell\u2019art. 13 Regolamento UE n. 2016\/679 (in seguito, \u201cGDPR\u201d) che i Tuoi dati saranno trattati con le modalit\u00e0 e per le finalit\u00e0 seguenti:<\/span><\/p>\n<p>1. Oggetto del trattamento<\/p>\n<p><br \/>Il Titolare tratta i dati personali, identificativi e non sensibili (in particolare, nome, cognome, codice fiscale, p. iva, email, numero telefonico \u2013 in seguito, \u201cdati personali\u201d o anche \u201cdati\u201d) da Te comunicati in fase di registrazione al sito web del Titolare e\/o all\u2019atto dell\u2019iscrizione al servizio di newsletter offerto dal Titolare.<\/p>\n<p>2. Finalit\u00e0 del trattamento<br \/><br \/><\/p>\n<p>I Tuoi dati personali sono trattati:<br \/><br \/><\/p>\n<p>A) senza il Tuo consenso espresso (art. 24 lett. a, b, c Codice Privacy e art. 6 lett. b, e GDPR), per le seguenti Finalit\u00e0 di Servizio:<br \/>\u2013 permettere di registrarTi al sito web;<br \/>\u2013 gestire e mantenere il sito web;<br \/>\u2013 permetterti l\u2019iscrizione al servizio di newsletter fornito dal Titolare e degli ulteriori Servizi eventualmente da Te richiesti;<br \/>\u2013 adempiere agli obblighi precontrattuali, contrattuali e fiscali derivanti da rapporti con Te in essere;<br \/>\u2013 adempiere agli obblighi previsti dalla legge, da un regolamento, dalla normativa comunitaria o da un ordine dell\u2019Autorit\u00e0;<br \/>\u2013 prevenire o scoprire attivit\u00e0 fraudolente o abusi dannosi per il sito web;<br \/>\u2013 esercitare i diritti del Titolare, ad esempio il diritto di difesa in giudizio.<br \/><br \/><\/p>\n<p>B) Solo previo Tuo specifico e distinto consenso (artt. 23 e 130 Codice Privacy e art. 7 GDPR), per le seguenti Finalit\u00e0 di Marketing:<br \/>\u2013 inviarTi via email newsletter, comunicazioni commerciali e\/o materiale pubblicitario su prodotti o servizi offerti dal Titolare<br \/>Ti segnaliamo che se sei gi\u00e0 nostro cliente, potremo inviarTi comunicazioni commerciali relative a servizi e prodotti del Titolare analoghi a quelli di cui hai gi\u00e0 usufruito, salvo tuo dissenso (art. 130 c. 4 Codice Privacy).<\/p>\n<p>3. Modalit\u00e0 del trattamento<br \/><br \/><\/p>\n<p>Il trattamento dei Tuoi dati personali \u00e8 realizzato per mezzo delle operazioni indicate all\u2019art. 4 Codice Privacy e all\u2019art. 4 n. 2) GDPR e precisamente: raccolta, registrazione, organizzazione, conservazione, consultazione, elaborazione, modificazione, selezione, estrazione, raffronto, utilizzo, interconnessione, blocco, comunicazione, cancellazione e distruzione dei dati. I Tuoi dati personali sono sottoposti a trattamento sia cartaceo che elettronico e\/o automatizzato.<br \/>Il Titolare tratter\u00e0 i dati personali per il tempo necessario per adempiere alle finalit\u00e0 di cui sopra e comunque per non oltre 10 anni dalla cessazione del rapporto per le Finalit\u00e0 di Servizio e per non oltre 2 anni dalla raccolta dei dati per le Finalit\u00e0 di Marketing.<\/p>\n<p>4. Accesso ai dati<br \/><br \/><\/p>\n<p>I Tuoi dati potranno essere resi accessibili per le finalit\u00e0 di cui all\u2019art. 2.A) e 2.B):<br \/>\u2013 a dipendenti e collaboratori del Titolare o delle societ\u00e0 Cedrimartini di cui il Titolare fa parte, nella loro qualit\u00e0 di incaricati e\/o responsabili interni del trattamento e\/o amministratori di sistema;<br \/>\u2013 a societ\u00e0 Cedrimartini di cui il Titolare fa parte (ad esempio, per attivit\u00e0 di supporto nello studio della fattibilit\u00e0 del progetto del cliente, per attivit\u00e0 di gestione tecnica del progetto, per lo storage dei dati personali, etc.) o a terzi soggetti (ad esempio, provider per la gestione e manutenzione del sito web, fornitori, istituti di credito, studi professionali, etc) che svolgono attivit\u00e0 in outsourcing per conto del Titolare, nella loro qualit\u00e0 di responsabili esterni del trattamento.<\/p>\n<p>5. Comunicazione dei dati<br \/><br \/><\/p>\n<p>Senza Tuo espresso consenso (ex art. 24 lett. a), b), d) Codice Privacy e art. 6 lett. b) e c) GDPR), il Titolare potr\u00e0 comunicare i Tuoi dati per le finalit\u00e0 di cui all\u2019art. 2.A) a Organismi di vigilanza, Autorit\u00e0 giudiziarie nonch\u00e9 a tutti gli altri soggetti ai quali la comunicazione sia obbligatoria per legge per l\u2019espletamento delle finalit\u00e0 dette. I Tuoi dati non saranno diffusi.<\/p>\n<p>6. Trasferimento dati<br \/><br \/><\/p>\n<p>La gestione e la conservazione dei dati personali avverr\u00e0 su server ubicati all\u2019interno dell\u2019Unione Europea del Titolare e\/o di societ\u00e0 terze incaricate e debitamente nominate quali Responsabili del trattamento. I dati non saranno oggetto di trasferimento al di fuori dell\u2019Unione Europea. Resta in ogni caso inteso che il Titolare, ove si rendesse necessario, avr\u00e0 facolt\u00e0 di spostare l\u2019ubicazione dei server in Italia e\/o Unione Europea e\/o Paesi extra-UE. In tal caso, il Titolare assicura sin d\u2019ora che il trasferimento dei dati extra-UE avverr\u00e0 in conformit\u00e0 alle disposizioni di legge applicabili stipulando, se necessario, accordi che garantiscano un livello di protezione adeguato e\/o adottando le clausole contrattuali standard previste dalla Commissione Europea.<\/p>\n<p>7. Natura del conferimento dei dati e conseguenze del rifiuto di rispondere<br \/><br \/><\/p>\n<p>Il conferimento dei dati per le finalit\u00e0 di cui all\u2019art. 2.A) \u00e8 obbligatorio. In loro assenza, non potremo garantirti n\u00e9 la registrazione al sito n\u00e9 i Servizi dell\u2019art. 2.A). Il conferimento dei dati per le finalit\u00e0 di cui all\u2019art. 2.B) \u00e8 invece facoltativo. Puoi quindi decidere di non conferire alcun dato o di negare successivamente la possibilit\u00e0 di trattare dati gi\u00e0 forniti: in tal caso, non potrai ricevere newsletter, comunicazioni commerciali e materiale pubblicitario inerenti ai Servizi offerti dal Titolare. In ogni caso continuerai ad avere diritto ai Servizi di cui all\u2019art. 2.A).<\/p>\n<p>8. Diritti dell\u2019interessato <br \/><br \/><\/p>\n<p>Nella Tua qualit\u00e0 di interessato, hai i diritti di cui all\u2019art. 7 Codice Privacy e art. 15 GDPR e precisamente i diritti di:<br \/>i. ottenere la conferma dell\u2019esistenza o meno di dati personali che Ti riguardano, anche se non ancora registrati, e la loro comunicazione in forma intelligibile;<br \/>ii. ottenere l\u2019indicazione: a) dell\u2019origine dei dati personali; b) delle finalit\u00e0 e modalit\u00e0 del trattamento; c) della logica applicata in caso di trattamento effettuato con l\u2019ausilio di strumenti elettronici; d) degli estremi identificativi del titolare, dei responsabili e del rappresentante designato ai sensi dell\u2019art. 5, comma 2 Codice Privacy e art. 3, comma 1, GDPR; e) dei soggetti o delle categorie di soggetti ai quali i dati personali possono essere comunicati o che possono venirne a conoscenza in qualit\u00e0 di rappresentante designato nel territorio dello Stato, di responsabili o incaricati;<br \/>iii. ottenere: a) l\u2019aggiornamento, la rettificazione ovvero, quando vi hai interesse, l\u2019integrazione dei dati; b) la cancellazione, la trasformazione in forma anonima o il blocco dei dati trattati in violazione di legge, compresi quelli di cui non \u00e8 necessaria la conservazione in relazione agli scopi per i quali i dati sono stati raccolti o successivamente trattati; c) l\u2019attestazione che le operazioni di cui alle lettere a) e b) sono state portate a conoscenza, anche per quanto riguarda il loro contenuto, di coloro ai quali i dati sono stati comunicati o diffusi, eccettuato il caso in cui tale adempimento si rivela impossibile o comporta un impiego di mezzi manifestamente sproporzionato rispetto al diritto tutelato;<br \/>iv. opporsi, in tutto o in parte: a) per motivi legittimi al trattamento dei dati personali che Ti riguardano, ancorch\u00e9 pertinenti allo scopo della raccolta; b) al trattamento di dati personali che Ti riguardano a fini di invio di materiale pubblicitario o di vendita diretta o per il compimento di ricerche di mercato o di comunicazione commerciale, mediante l\u2019uso di sistemi automatizzati di chiamata senza l\u2019intervento di un operatore mediante email e\/o mediante modalit\u00e0 di marketing tradizionali mediante telefono e\/o posta cartacea. Si fa presente che il diritto di opposizione dell\u2019interessato, esposto al precedente punto b), per finalit\u00e0 di marketing diretto mediante modalit\u00e0 automatizzate si estende a quelle tradizionali e che comunque resta salva la possibilit\u00e0 per l\u2019interessato di esercitare il diritto di opposizione anche solo in parte. Pertanto, l\u2019interessato pu\u00f2 decidere di ricevere solo comunicazioni mediante modalit\u00e0 tradizionali ovvero solo comunicazioni automatizzate oppure nessuna delle due tipologie di comunicazione.<br \/>Ove applicabili, hai altres\u00ec i diritti di cui agli artt. 16-21 GDPR (Diritto di rettifica, diritto all\u2019oblio, diritto di limitazione di trattamento, diritto alla portabilit\u00e0 dei dati, diritto di opposizione), nonch\u00e9 il diritto di reclamo all\u2019Autorit\u00e0 Garante.<\/p>\n<p>9. Modalit\u00e0 di esercizio dei diritti<br \/><br \/><\/p>\n<p>Potrai in qualsiasi momento esercitare i diritti inviando:<br \/>\u2013 una raccomandata a.r. a Cedrimartini Srls, via artigianato 17, 36100 Vicenza (VI), Italia;<br \/>\u2013 una e-mail all\u2019indirizzo info@cedrimartini.techkriti.net<br \/>&#8211; una pec a cedrimartinisrls@pec.it<\/p>\n<p>10. Minori<br \/><br \/><\/p>\n<p>Questo Sito e i Servizi del Titolare non sono destinati a minori di 18 anni e il Titolare non raccoglie intenzionalmente informazioni personali riferite ai minori. Nel caso in cui informazioni su minori fossero involontariamente registrate, il Titolare le canceller\u00e0 in modo tempestivo, su richiesta degli utenti.<\/p>\n<p>11. Titolare, responsabile e incaricati<br \/><br \/><\/p>\n<p>Il Titolare del trattamento \u00e8 Cedrimartini Srls<br \/>L\u2019elenco aggiornato dei responsabili e degli incaricati al trattamento \u00e8 custodito presso la sede del Titolare del trattamento.<\/p>\n<p>12. Modifiche alla presente Informativa<br \/><br \/><\/p>\n<p>La presente Informativa pu\u00f2 subire variazioni. Si consiglia, quindi, di controllare regolarmente questa Informativa e di riferirsi alla versione pi\u00f9 aggiornata.<\/p>\n<p>Cookies<br \/><br \/><\/p>\n<p>Il sito di cedrimartini.it utilizza i cookie, che sono destinati a facilitare la navigazione sul sito e misurare il pubblico del sito o consentire la condivisione delle pagine del sito.<\/p>\n<p>Tipi di cookie utilizzati<\/p>\n<p>I cookie necessari per la navigazione del sito<\/p>\n<p>Questi cookie sono necessari per il funzionamento del sito cedrimartini.it Essi consentono l\u2019utilizzo delle principali funzionalit\u00e0 del sito.<br \/>Senza questi cookie, gli Utenti non possono utilizzare il sito normalmente.<\/p>\n<p>I cookie funzionali<\/p>\n<p>Questi cookie consentono di personalizzare l\u2019esperienza dell\u2019Utente.<\/p>\n<p>I cookie analitici<\/p>\n<p>Questi cookie consentono di conoscere l\u2019uso e le prestazioni del sito e di migliorarne il funzionamento con l\u2019analisi delle presenze sulle pagine di informazioni, un monitoraggio dei tassi di apertura, delle percentuali di clic e della frequenza di rimbalzo a livello individuale.<\/p>\n<p>I Cookie dei pulsanti di condivisione<\/p>\n<p>Questi cookie sociali consentono agli Utenti di condividere pagine e contenuti di terze parti sui social network tramite i pulsanti di condivisione sociale.<\/p>\n<p>Gestione dei cookie<\/p>\n<p><span style=\"color: var( --e-global-color-text );\">Gli Utenti hanno la possibilit\u00e0 di accettare o rifiutare i cookie sul sito o di rifiutarli completamente impostando il proprio browser.<\/span><\/p>\n<p>Se l\u2019Utente sceglie di rifiutare tutti i cookie, la navigazione di accesso a determinate pagine del sito sar\u00e0 ridotta.<\/p>\n<p>A seconda del browser utilizzato dagli Utenti, i metodi di eliminazione dei cookie sono:<\/p>\n<p>Su Internet Explorer<\/p>\n<p>Fare clic sul pulsante Strumenti, quindi su Opzioni Internet.<br \/>Nella scheda Generale, sotto Cronologia esplorazioni, fare clic su Impostazioni.<br \/>Fare clic sul pulsante Visualizza file.<br \/>Selezionare i cookie da rifiutare e fare clic su Elimina.<\/p>\n<p>Su Firefox<\/p>\n<p>Fare clic sull\u2019icona Strumenti del browser, selezionare il menu Opzioni<br \/>Nella finestra che appare, selezionare \u201cPrivacy\u201d e fare clic su \u201cMostra Cookie\u201d<br \/>Selezionare i cookie da rifiutare e fare clic su Elimina.<\/p>\n<p>Su Safari<\/p>\n<p>Fare clic sull\u2019icona Modifica, selezionare il menu Preferenze.<br \/>Fare clic su Protezione e quindi fare clic su Mostra cookie.<br \/>Selezionare i cookie da rifiutare e fare clic su Elimina.<\/p>\n<p>Su Google Chrome<\/p>\n<p>Fare clic sull\u2019icona Strumenti, selezionare il menu Opzioni e quindi fare clic sulla scheda Opzioni<br \/>Avanzate e andare alla sezione \u201cPrivacy\u201d.<br \/>Fare clic su \u201cMostra Cookie\u201d.<br \/>Selezionare i cookie da rifiutare e fare clic su Elimina.<\/p>\n<p>Durata di vita dei Cookie<\/p>\n<p>I Cookie vengono inseriti nel terminale dell\u2019utente per un periodo massimo di 13 mesi dall\u2019evento di consenso dell\u2019Utente.<br \/><span style=\"color: var( --e-global-color-text );\">Dopo questo periodo, il consenso verr\u00e0 richiesto di nuovo.<\/span><\/p>\n<p>Sicurezza<\/p>\n<p>Cedrimartini ha preso tutte le precauzioni per proteggere la sicurezza dei dati personali e, in particolare, impedire che questi siano deformati o danneggiati, o che soggetti non autorizzati vi abbiano accesso.<\/p>\n<p>Queste misure sono le seguenti:<\/p>\n<p>Firewall multilivello<br \/>Antivirus di comprovata reputazione e rilevamento di virus e tentativi di intrusione,<br \/>Trasmissione criptata dei dati tramite la tecnologia SSL\/HTTPS\/VPN,<br \/>Data center certificato<br \/>Inoltre, l\u2019accesso ai trattamenti da parte dei Servizi Cedrimartini destinatari richiede un\u2019autenticazione delle persone che accedono ai dati, tramite un codice di accesso e una password individuali, sufficientemente robusti e regolarmente aggiornati.<\/p>\n<p>I dati trasmessi su canali di comunicazione non garantiti sono oggetto di misure tecniche volte a rendere i dati incomprensibili a persone non autorizzate.<\/p>\n<p>Qualsiasi domanda circa la sicurezza del sito web Cedrimartini pu\u00f2 essere inviata a info@cedrimartini.techkriti.net.<\/p>\n<p>Modifiche della Politica sulla privacy<br \/><br \/><\/p>\n<p>Cedrimartini si riserva il diritto di modificare la presente Politica sulla privacy al fine di osservare le modifiche di leggi e regolamenti in vigore.<br \/><span style=\"color: var( --e-global-color-text );\">Le modifiche apportate saranno comunicate tramite il nostro sito o via e-mail, per quanto possibile, almeno trenta giorni prima della loro entrata in vigore.<\/span><\/p>\n<p>Contatto<\/p>\n<p>Qualsiasi domanda riguardante la Politica sulla privacy di Cedrimartini pu\u00f2 essere inviata per e-mail all\u2019indirizzo info@cedrimartini.techkriti.net o per posta a:<\/p>\n<p>Cedrimartini \u2013 Politica di Privacy<br \/>Via artigianato 17, 36100 Vicenza (VI), Italy<\/p>\n<p>\u00a0<\/p>\n<p><!-- \/wp:paragraph --><\/p>\t\t\t\t\t\t<\/div>\n\t\t\t\t<\/div>\n\t\t\t\t\t<\/div>\n\t\t<\/div>\n\t\t\t\t\t\t\t<\/div>\n\t\t<\/section>\n\t\t\t\t\t\t\t<\/div>","protected":false},"excerpt":{"rendered":"<p>INFORMATIVA PER IL TRATTAMENTODEI DATI PERSONALI Cedrimartini Srls con sede in via artigianato 17, 36100 Vicenza (VI), Italia, CF e P.Iva 04404400246 (in seguito, \u201cTitolare\u201d), in qualit\u00e0 di titolare del trattamento, Ti informa ai sensi dell\u2019art. 13 D.Lgs. 30.6.2003 n. 196 (in seguito, \u201cCodice Privacy\u201d) e dell\u2019art. 13 Regolamento UE n. 2016\/679 (in seguito, \u201cGDPR\u201d) [&hellip;]<\/p>","protected":false},"author":1,"featured_media":0,"parent":0,"menu_order":0,"comment_status":"closed","ping_status":"open","template":"","meta":{"inline_featured_image":false,"footnotes":""},"class_list":["post-3","page","type-page","status-publish","hentry"],"yoast_head":"<!-- This site is optimized with the Yoast SEO plugin v27.2 - https:\/\/yoast.com\/product\/yoast-seo-wordpress\/ -->\n<title>Privacy Policy - Cedrimartini<\/title>\n<meta name=\"robots\" content=\"index, follow, max-snippet:-1, max-image-preview:large, max-video-preview:-1\" \/>\n<link rel=\"canonical\" href=\"https:\/\/cedrimartini.techkriti.net\/it\/privacy-policy\/\" \/>\n<meta property=\"og:locale\" content=\"it_IT\" \/>\n<meta property=\"og:type\" content=\"article\" \/>\n<meta property=\"og:title\" content=\"Privacy Policy - Cedrimartini\" \/>\n<meta property=\"og:description\" content=\"INFORMATIVA PER IL TRATTAMENTODEI DATI PERSONALI Cedrimartini Srls con sede in via artigianato 17, 36100 Vicenza (VI), Italia, CF e P.Iva 04404400246 (in seguito, \u201cTitolare\u201d), in qualit\u00e0 di titolare del trattamento, Ti informa ai sensi dell\u2019art. 13 D.Lgs. 30.6.2003 n. 196 (in seguito, \u201cCodice Privacy\u201d) e dell\u2019art. 13 Regolamento UE n. 2016\/679 (in seguito, \u201cGDPR\u201d) [&hellip;]\" \/>\n<meta property=\"og:url\" content=\"https:\/\/cedrimartini.techkriti.net\/it\/privacy-policy\/\" \/>\n<meta property=\"og:site_name\" content=\"Cedrimartini\" \/>\n<meta property=\"article:modified_time\" content=\"2023-03-09T13:55:23+00:00\" \/>\n<meta name=\"twitter:card\" content=\"summary_large_image\" \/>\n<meta name=\"twitter:label1\" content=\"Tempo di lettura stimato\" \/>\n\t<meta name=\"twitter:data1\" content=\"10 minuti\" \/>\n<script type=\"application\/ld+json\" class=\"yoast-schema-graph\">{\"@context\":\"https:\/\/schema.org\",\"@graph\":[{\"@type\":\"WebPage\",\"@id\":\"https:\/\/cedrimartini.techkriti.net\/privacy-policy\/\",\"url\":\"https:\/\/cedrimartini.techkriti.net\/privacy-policy\/\",\"name\":\"Privacy Policy - Cedrimartini\",\"isPartOf\":{\"@id\":\"https:\/\/cedrimartini.techkriti.net\/#website\"},\"datePublished\":\"2022-10-07T19:09:52+00:00\",\"dateModified\":\"2023-03-09T13:55:23+00:00\",\"breadcrumb\":{\"@id\":\"https:\/\/cedrimartini.techkriti.net\/privacy-policy\/#breadcrumb\"},\"inLanguage\":\"it-IT\",\"potentialAction\":[{\"@type\":\"ReadAction\",\"target\":[\"https:\/\/cedrimartini.techkriti.net\/privacy-policy\/\"]}]},{\"@type\":\"BreadcrumbList\",\"@id\":\"https:\/\/cedrimartini.techkriti.net\/privacy-policy\/#breadcrumb\",\"itemListElement\":[{\"@type\":\"ListItem\",\"position\":1,\"name\":\"Home\",\"item\":\"https:\/\/cedrimartini.techkriti.net\/\"},{\"@type\":\"ListItem\",\"position\":2,\"name\":\"Privacy Policy\"}]},{\"@type\":\"WebSite\",\"@id\":\"https:\/\/cedrimartini.techkriti.net\/#website\",\"url\":\"https:\/\/cedrimartini.techkriti.net\/\",\"name\":\"Cedrimartini\",\"description\":\"Design Factory\",\"publisher\":{\"@id\":\"https:\/\/cedrimartini.techkriti.net\/#organization\"},\"potentialAction\":[{\"@type\":\"SearchAction\",\"target\":{\"@type\":\"EntryPoint\",\"urlTemplate\":\"https:\/\/cedrimartini.techkriti.net\/?s={search_term_string}\"},\"query-input\":{\"@type\":\"PropertyValueSpecification\",\"valueRequired\":true,\"valueName\":\"search_term_string\"}}],\"inLanguage\":\"it-IT\"},{\"@type\":\"Organization\",\"@id\":\"https:\/\/cedrimartini.techkriti.net\/#organization\",\"name\":\"Cedrimartini\",\"url\":\"https:\/\/cedrimartini.techkriti.net\/\",\"logo\":{\"@type\":\"ImageObject\",\"inLanguage\":\"it-IT\",\"@id\":\"https:\/\/cedrimartini.techkriti.net\/#\/schema\/logo\/image\/\",\"url\":\"https:\/\/cedrimartini.techkriti.net\/wp-content\/uploads\/2022\/10\/logo_home_new.jpg\",\"contentUrl\":\"https:\/\/cedrimartini.techkriti.net\/wp-content\/uploads\/2022\/10\/logo_home_new.jpg\",\"width\":6000,\"height\":800,\"caption\":\"Cedrimartini\"},\"image\":{\"@id\":\"https:\/\/cedrimartini.techkriti.net\/#\/schema\/logo\/image\/\"}}]}<\/script>\n<!-- \/ Yoast SEO plugin. -->","yoast_head_json":{"title":"Privacy Policy - Cedrimartini","robots":{"index":"index","follow":"follow","max-snippet":"max-snippet:-1","max-image-preview":"max-image-preview:large","max-video-preview":"max-video-preview:-1"},"canonical":"https:\/\/cedrimartini.techkriti.net\/it\/privacy-policy\/","og_locale":"it_IT","og_type":"article","og_title":"Privacy Policy - Cedrimartini","og_description":"INFORMATIVA PER IL TRATTAMENTODEI DATI PERSONALI Cedrimartini Srls con sede in via artigianato 17, 36100 Vicenza (VI), Italia, CF e P.Iva 04404400246 (in seguito, \u201cTitolare\u201d), in qualit\u00e0 di titolare del trattamento, Ti informa ai sensi dell\u2019art. 13 D.Lgs. 30.6.2003 n. 196 (in seguito, \u201cCodice Privacy\u201d) e dell\u2019art. 13 Regolamento UE n. 2016\/679 (in seguito, \u201cGDPR\u201d) [&hellip;]","og_url":"https:\/\/cedrimartini.techkriti.net\/it\/privacy-policy\/","og_site_name":"Cedrimartini","article_modified_time":"2023-03-09T13:55:23+00:00","twitter_card":"summary_large_image","twitter_misc":{"Tempo di lettura stimato":"10 minuti"},"schema":{"@context":"https:\/\/schema.org","@graph":[{"@type":"WebPage","@id":"https:\/\/cedrimartini.techkriti.net\/privacy-policy\/","url":"https:\/\/cedrimartini.techkriti.net\/privacy-policy\/","name":"Privacy Policy - Cedrimartini","isPartOf":{"@id":"https:\/\/cedrimartini.techkriti.net\/#website"},"datePublished":"2022-10-07T19:09:52+00:00","dateModified":"2023-03-09T13:55:23+00:00","breadcrumb":{"@id":"https:\/\/cedrimartini.techkriti.net\/privacy-policy\/#breadcrumb"},"inLanguage":"it-IT","potentialAction":[{"@type":"ReadAction","target":["https:\/\/cedrimartini.techkriti.net\/privacy-policy\/"]}]},{"@type":"BreadcrumbList","@id":"https:\/\/cedrimartini.techkriti.net\/privacy-policy\/#breadcrumb","itemListElement":[{"@type":"ListItem","position":1,"name":"Home","item":"https:\/\/cedrimartini.techkriti.net\/"},{"@type":"ListItem","position":2,"name":"Privacy Policy"}]},{"@type":"WebSite","@id":"https:\/\/cedrimartini.techkriti.net\/#website","url":"https:\/\/cedrimartini.techkriti.net\/","name":"Cedrimartini","description":"Design Factory","publisher":{"@id":"https:\/\/cedrimartini.techkriti.net\/#organization"},"potentialAction":[{"@type":"SearchAction","target":{"@type":"EntryPoint","urlTemplate":"https:\/\/cedrimartini.techkriti.net\/?s={search_term_string}"},"query-input":{"@type":"PropertyValueSpecification","valueRequired":true,"valueName":"search_term_string"}}],"inLanguage":"it-IT"},{"@type":"Organization","@id":"https:\/\/cedrimartini.techkriti.net\/#organization","name":"Cedrimartini","url":"https:\/\/cedrimartini.techkriti.net\/","logo":{"@type":"ImageObject","inLanguage":"it-IT","@id":"https:\/\/cedrimartini.techkriti.net\/#\/schema\/logo\/image\/","url":"https:\/\/cedrimartini.techkriti.net\/wp-content\/uploads\/2022\/10\/logo_home_new.jpg","contentUrl":"https:\/\/cedrimartini.techkriti.net\/wp-content\/uploads\/2022\/10\/logo_home_new.jpg","width":6000,"height":800,"caption":"Cedrimartini"},"image":{"@id":"https:\/\/cedrimartini.techkriti.net\/#\/schema\/logo\/image\/"}}]}},"_links":{"self":[{"href":"https:\/\/cedrimartini.techkriti.net\/it\/wp-json\/wp\/v2\/pages\/3","targetHints":{"allow":["GET"]}}],"collection":[{"href":"https:\/\/cedrimartini.techkriti.net\/it\/wp-json\/wp\/v2\/pages"}],"about":[{"href":"https:\/\/cedrimartini.techkriti.net\/it\/wp-json\/wp\/v2\/types\/page"}],"author":[{"embeddable":true,"href":"https:\/\/cedrimartini.techkriti.net\/it\/wp-json\/wp\/v2\/users\/1"}],"replies":[{"embeddable":true,"href":"https:\/\/cedrimartini.techkriti.net\/it\/wp-json\/wp\/v2\/comments?post=3"}],"version-history":[{"count":15,"href":"https:\/\/cedrimartini.techkriti.net\/it\/wp-json\/wp\/v2\/pages\/3\/revisions"}],"predecessor-version":[{"id":8171,"href":"https:\/\/cedrimartini.techkriti.net\/it\/wp-json\/wp\/v2\/pages\/3\/revisions\/8171"}],"wp:attachment":[{"href":"https:\/\/cedrimartini.techkriti.net\/it\/wp-json\/wp\/v2\/media?parent=3"}],"curies":[{"name":"wp","href":"https:\/\/api.w.org\/{rel}","templated":true}]}}